{"id":21,"date":"2024-08-10T23:30:50","date_gmt":"2024-08-10T21:30:50","guid":{"rendered":"https:\/\/www.clipclap24.fr\/?page_id=21"},"modified":"2024-08-11T09:25:24","modified_gmt":"2024-08-11T07:25:24","slug":"documentaires","status":"publish","type":"page","link":"https:\/\/www.clipclap24.fr\/index.php\/documentaires\/","title":{"rendered":"Documentaires"},"content":{"rendered":"\n<table id=\"tablepress-1\" class=\"tablepress tablepress-id-1\">\n<thead>\n<tr class=\"row-1\">\n\t<th class=\"column-1\">Ann\u00e9e<\/th><th class=\"column-2\">Nom du film (liens Youtube)<\/th><th class=\"column-3\">R\u00e9alisateur<\/th>\n<\/tr>\n<\/thead>\n<tbody class=\"row-striping row-hover\">\n<tr class=\"row-2\">\n\t<td class=\"column-1\">2018<\/td><td class=\"column-2\"> <a href=\"https:\/\/youtu.be\/qO4cYaI-H0M\">Les 3 Croquants<\/a><\/td><td class=\"column-3\">S\u00e9bastien Marqueteau<\/td>\n<\/tr>\n<tr class=\"row-3\">\n\t<td class=\"column-1\">2018<\/td><td class=\"column-2\"> <a href=\"https:\/\/youtu.be\/4OeCe4qSvwU\">La Plume et l&rsquo;Epi<\/a><\/td><td class=\"column-3\">S\u00e9bastien Marqueteau<\/td>\n<\/tr>\n<tr class=\"row-4\">\n\t<td class=\"column-1\">2018<\/td><td class=\"column-2\"> <a href=\"https:\/\/youtu.be\/hE4MaVflA2Y\">BAM, Une brasserie artisanale<\/a><\/td><td class=\"column-3\">S\u00e9bastien Marqueteau<\/td>\n<\/tr>\n<tr class=\"row-5\">\n\t<td class=\"column-1\">2015<\/td><td class=\"column-2\"> <a href=\"https:\/\/youtu.be\/vlpLo3N2PP0\">R\u00e9conciliation (2015)<\/a><\/td><td class=\"column-3\">Chantal Bagnaud<\/td>\n<\/tr>\n<tr class=\"row-6\">\n\t<td class=\"column-1\">2014<\/td><td class=\"column-2\"> <a href=\"https:\/\/youtu.be\/-R3BwZqtOYk\">Le bonheur est dans la truffi\u00e8re (2014)<\/a><\/td><td class=\"column-3\">Chantal Bagnaud<\/td>\n<\/tr>\n<tr class=\"row-7\">\n\t<td class=\"column-1\">2012<\/td><td class=\"column-2\"> <a href=\"https:\/\/youtu.be\/8P_5VN9L2aA\">Reportage CAF 2012 C.L.A.S.<\/a><\/td><td class=\"column-3\">Jean-jacques Vedrenne<\/td>\n<\/tr>\n<tr class=\"row-8\">\n\t<td class=\"column-1\">2010<\/td><td class=\"column-2\"> <a href=\"https:\/\/youtu.be\/hb1eiknjitI\">Entretien pr\u00e9natal pr\u00e9coce (2010)<\/a><\/td><td class=\"column-3\">Jean-jacques Vedrenne<\/td>\n<\/tr>\n<tr class=\"row-9\">\n\t<td class=\"column-1\">2010<\/td><td class=\"column-2\"> <a href=\"https:\/\/youtu.be\/RAJ-HkrZ1RY\">IREO P\u00e9rigord &#8211; LEONARDO d\u00e9couvre l&rsquo;\u00e9cole roumaine &#8211; 2010<\/a><\/td><td class=\"column-3\">Christophe Fuzier<\/td>\n<\/tr>\n<\/tbody>\n<\/table>\n<!-- #tablepress-1 from cache -->","protected":false},"excerpt":{"rendered":"","protected":false},"author":1,"featured_media":0,"parent":0,"menu_order":0,"comment_status":"closed","ping_status":"closed","template":"","meta":{"footnotes":""},"class_list":["post-21","page","type-page","status-publish","hentry","nodate","item-wrap"],"_links":{"self":[{"href":"https:\/\/www.clipclap24.fr\/index.php\/wp-json\/wp\/v2\/pages\/21","targetHints":{"allow":["GET"]}}],"collection":[{"href":"https:\/\/www.clipclap24.fr\/index.php\/wp-json\/wp\/v2\/pages"}],"about":[{"href":"https:\/\/www.clipclap24.fr\/index.php\/wp-json\/wp\/v2\/types\/page"}],"author":[{"embeddable":true,"href":"https:\/\/www.clipclap24.fr\/index.php\/wp-json\/wp\/v2\/users\/1"}],"replies":[{"embeddable":true,"href":"https:\/\/www.clipclap24.fr\/index.php\/wp-json\/wp\/v2\/comments?post=21"}],"version-history":[{"count":2,"href":"https:\/\/www.clipclap24.fr\/index.php\/wp-json\/wp\/v2\/pages\/21\/revisions"}],"predecessor-version":[{"id":56,"href":"https:\/\/www.clipclap24.fr\/index.php\/wp-json\/wp\/v2\/pages\/21\/revisions\/56"}],"wp:attachment":[{"href":"https:\/\/www.clipclap24.fr\/index.php\/wp-json\/wp\/v2\/media?parent=21"}],"curies":[{"name":"wp","href":"https:\/\/api.w.org\/{rel}","templated":true}]}}